{"id":2903,"date":"2022-11-09T17:23:50","date_gmt":"2022-11-09T16:23:50","guid":{"rendered":"https:\/\/ristorante.anticaabbazia.com\/regala-una-card\/"},"modified":"2023-01-06T12:47:25","modified_gmt":"2023-01-06T11:47:25","slug":"gutscheine-schenken","status":"publish","type":"page","link":"https:\/\/ristorante.anticaabbazia.com\/de\/gutscheine-schenken\/","title":{"rendered":"Gutscheine schenken"},"content":{"rendered":"\n<p>Schenken Sie einen unvergesslichen Moment in L&#8217;Antica Abbazia!<\/p>\n\n\n\n<p>Unsere Gutscheine sind das perfekte Geschenk, um jemandem ein unvergessliches kulinarisches Erlebnis zu bescheren.<\/p>\n\n\n\n<p>Sie k\u00f6nnen Gutscheine mit einem frei w\u00e4hlbaren Wert kaufen.<\/p>\n\n\n\n<p>F\u00fcr weitere Informationen rufen Sie uns an unter 0423 561150 oder f\u00fcllen Sie das untenstehende Formular aus.<\/p>\n\n\n\n<div class=\"wpcf7 no-js\" id=\"wpcf7-f115-o1\" lang=\"it-IT\" dir=\"ltr\">\n<div class=\"screen-reader-response\"><p role=\"status\" aria-live=\"polite\" aria-atomic=\"true\"><\/p> <ul><\/ul><\/div>\n<form action=\"\/de\/wp-json\/wp\/v2\/pages\/2903#wpcf7-f115-o1\" method=\"post\" class=\"wpcf7-form init\" aria-label=\"Modulo di contatto\" novalidate=\"novalidate\" data-status=\"init\">\n<div style=\"display: none;\">\n<input type=\"hidden\" name=\"_wpcf7\" value=\"115\" \/>\n<input type=\"hidden\" name=\"_wpcf7_version\" value=\"5.9.8\" \/>\n<input type=\"hidden\" name=\"_wpcf7_locale\" value=\"it_IT\" \/>\n<input type=\"hidden\" name=\"_wpcf7_unit_tag\" value=\"wpcf7-f115-o1\" \/>\n<input type=\"hidden\" name=\"_wpcf7_container_post\" value=\"0\" \/>\n<input type=\"hidden\" name=\"_wpcf7_posted_data_hash\" value=\"\" \/>\n<\/div>\n<p><label> Il tuo nome (obbligatorio)<br \/>\n<span class=\"wpcf7-form-control-wrap\" data-name=\"your-name\"><input size=\"40\" maxlength=\"400\" class=\"wpcf7-form-control wpcf7-text wpcf7-validates-as-required\" aria-required=\"true\" aria-invalid=\"false\" value=\"\" type=\"text\" name=\"your-name\" \/><\/span> <\/label>\n<\/p>\n<p><label> Cognome (obbligatorio)<br \/>\n<span class=\"wpcf7-form-control-wrap\" data-name=\"your-surname\"><input size=\"40\" maxlength=\"400\" class=\"wpcf7-form-control wpcf7-email wpcf7-validates-as-required wpcf7-text wpcf7-validates-as-email\" aria-required=\"true\" aria-invalid=\"false\" value=\"\" type=\"email\" name=\"your-surname\" \/><\/span> <\/label>\n<\/p>\n<p><label> Telefono<br \/>\n<span class=\"wpcf7-form-control-wrap\" data-name=\"tel-173\"><input size=\"40\" maxlength=\"400\" class=\"wpcf7-form-control wpcf7-tel wpcf7-validates-as-required wpcf7-text wpcf7-validates-as-tel\" aria-required=\"true\" aria-invalid=\"false\" value=\"\" type=\"tel\" name=\"tel-173\" \/><\/span> <\/label>\n<\/p>\n<p><label> Il tuo messaggio<br \/>\n<span class=\"wpcf7-form-control-wrap\" data-name=\"your-message\"><textarea cols=\"40\" rows=\"10\" maxlength=\"2000\" class=\"wpcf7-form-control wpcf7-textarea\" aria-invalid=\"false\" name=\"your-message\"><\/textarea><\/span> <\/label>\n<\/p>\n<p><input class=\"wpcf7-form-control wpcf7-submit has-spinner\" type=\"submit\" value=\"Invia\" \/>\n<\/p><div class=\"wpcf7-response-output\" aria-hidden=\"true\"><\/div>\n<\/form>\n<\/div>\n\n","protected":false},"excerpt":{"rendered":"<p>Schenken Sie einen unvergesslichen Moment in L&#8217;Antica Abbazia! Unsere Gutscheine sind das perfekte Geschenk, um jemandem ein unvergessliches kulinarisches Erlebnis zu bescheren. Sie k\u00f6nnen Gutscheine mit einem frei w\u00e4hlbaren Wert kaufen. F\u00fcr weitere Informationen rufen Sie uns an unter 0423 561150 oder f\u00fcllen Sie das untenstehende Formular aus.<\/p>\n","protected":false},"author":1,"featured_media":0,"parent":0,"menu_order":0,"comment_status":"closed","ping_status":"closed","template":"","meta":{"_acf_changed":false,"footnotes":""},"class_list":["post-2903","page","type-page","status-publish","hentry"],"acf":[],"yoast_head":"<!-- This site is optimized with the Yoast SEO plugin v23.7 - https:\/\/yoast.com\/wordpress\/plugins\/seo\/ -->\n<title>Gutscheine schenken | Ristorante Antica Abbazia<\/title>\n<meta name=\"robots\" content=\"index, follow, max-snippet:-1, max-image-preview:large, max-video-preview:-1\" \/>\n<link rel=\"canonical\" href=\"https:\/\/ristorante.anticaabbazia.com\/regala-una-card\/\" \/>\n<meta property=\"og:locale\" content=\"de_DE\" \/>\n<meta property=\"og:type\" content=\"article\" \/>\n<meta property=\"og:title\" content=\"Gutscheine schenken | Ristorante Antica Abbazia\" \/>\n<meta property=\"og:description\" content=\"Schenken Sie einen unvergesslichen Moment in L&#8217;Antica Abbazia! Unsere Gutscheine sind das perfekte Geschenk, um jemandem ein unvergessliches kulinarisches Erlebnis zu bescheren. Sie k\u00f6nnen Gutscheine mit einem frei w\u00e4hlbaren Wert kaufen. F\u00fcr weitere Informationen rufen Sie uns an unter 0423 561150 oder f\u00fcllen Sie das untenstehende Formular aus.\" \/>\n<meta property=\"og:url\" content=\"https:\/\/ristorante.anticaabbazia.com\/regala-una-card\/\" \/>\n<meta property=\"og:site_name\" content=\"Ristorante Antica Abbazia\" \/>\n<meta property=\"article:publisher\" content=\"https:\/\/www.facebook.com\/ristoranteanticaabbazia\/\" \/>\n<meta property=\"article:modified_time\" content=\"2023-01-06T11:47:25+00:00\" \/>\n<meta name=\"twitter:card\" content=\"summary_large_image\" \/>\n<meta name=\"twitter:label1\" content=\"Gesch\u00e4tzte Lesezeit\" \/>\n\t<meta name=\"twitter:data1\" content=\"1\u00a0Minute\" \/>\n<script type=\"application\/ld+json\" class=\"yoast-schema-graph\">{\"@context\":\"https:\/\/schema.org\",\"@graph\":[{\"@type\":\"WebPage\",\"@id\":\"https:\/\/ristorante.anticaabbazia.com\/regala-una-card\/\",\"url\":\"https:\/\/ristorante.anticaabbazia.com\/regala-una-card\/\",\"name\":\"Gutscheine schenken | Ristorante Antica Abbazia\",\"isPartOf\":{\"@id\":\"https:\/\/ristorante.anticaabbazia.com\/#website\"},\"datePublished\":\"2022-11-09T16:23:50+00:00\",\"dateModified\":\"2023-01-06T11:47:25+00:00\",\"breadcrumb\":{\"@id\":\"https:\/\/ristorante.anticaabbazia.com\/regala-una-card\/#breadcrumb\"},\"inLanguage\":\"de\",\"potentialAction\":[{\"@type\":\"ReadAction\",\"target\":[\"https:\/\/ristorante.anticaabbazia.com\/regala-una-card\/\"]}]},{\"@type\":\"BreadcrumbList\",\"@id\":\"https:\/\/ristorante.anticaabbazia.com\/regala-una-card\/#breadcrumb\",\"itemListElement\":[{\"@type\":\"ListItem\",\"position\":1,\"name\":\"Home\",\"item\":\"https:\/\/ristorante.anticaabbazia.com\/de\/\"},{\"@type\":\"ListItem\",\"position\":2,\"name\":\"Gutscheine schenken\"}]},{\"@type\":\"WebSite\",\"@id\":\"https:\/\/ristorante.anticaabbazia.com\/#website\",\"url\":\"https:\/\/ristorante.anticaabbazia.com\/\",\"name\":\"Ristorante Antica Abbazia - Borso del Grappa\",\"description\":\"una storia d&#039;amore-la nostra\",\"publisher\":{\"@id\":\"https:\/\/ristorante.anticaabbazia.com\/#organization\"},\"potentialAction\":[{\"@type\":\"SearchAction\",\"target\":{\"@type\":\"EntryPoint\",\"urlTemplate\":\"https:\/\/ristorante.anticaabbazia.com\/?s={search_term_string}\"},\"query-input\":{\"@type\":\"PropertyValueSpecification\",\"valueRequired\":true,\"valueName\":\"search_term_string\"}}],\"inLanguage\":\"de\"},{\"@type\":\"Organization\",\"@id\":\"https:\/\/ristorante.anticaabbazia.com\/#organization\",\"name\":\"Ristorante Antica Abbazia Borso del Grappa\",\"url\":\"https:\/\/ristorante.anticaabbazia.com\/\",\"logo\":{\"@type\":\"ImageObject\",\"inLanguage\":\"de\",\"@id\":\"https:\/\/ristorante.anticaabbazia.com\/#\/schema\/logo\/image\/\",\"url\":\"https:\/\/ristorante.anticaabbazia.com\/wp-content\/uploads\/2020\/05\/02_LOGO_R-e1589958779306.png\",\"contentUrl\":\"https:\/\/ristorante.anticaabbazia.com\/wp-content\/uploads\/2020\/05\/02_LOGO_R-e1589958779306.png\",\"width\":103,\"height\":70,\"caption\":\"Ristorante Antica Abbazia Borso del Grappa\"},\"image\":{\"@id\":\"https:\/\/ristorante.anticaabbazia.com\/#\/schema\/logo\/image\/\"},\"sameAs\":[\"https:\/\/www.facebook.com\/ristoranteanticaabbazia\/\",\"https:\/\/www.instagram.com\/anticaabbazia\/\"]}]}<\/script>\n<!-- \/ Yoast SEO plugin. -->","yoast_head_json":{"title":"Gutscheine schenken | Ristorante Antica Abbazia","robots":{"index":"index","follow":"follow","max-snippet":"max-snippet:-1","max-image-preview":"max-image-preview:large","max-video-preview":"max-video-preview:-1"},"canonical":"https:\/\/ristorante.anticaabbazia.com\/regala-una-card\/","og_locale":"de_DE","og_type":"article","og_title":"Gutscheine schenken | Ristorante Antica Abbazia","og_description":"Schenken Sie einen unvergesslichen Moment in L&#8217;Antica Abbazia! Unsere Gutscheine sind das perfekte Geschenk, um jemandem ein unvergessliches kulinarisches Erlebnis zu bescheren. Sie k\u00f6nnen Gutscheine mit einem frei w\u00e4hlbaren Wert kaufen. F\u00fcr weitere Informationen rufen Sie uns an unter 0423 561150 oder f\u00fcllen Sie das untenstehende Formular aus.","og_url":"https:\/\/ristorante.anticaabbazia.com\/regala-una-card\/","og_site_name":"Ristorante Antica Abbazia","article_publisher":"https:\/\/www.facebook.com\/ristoranteanticaabbazia\/","article_modified_time":"2023-01-06T11:47:25+00:00","twitter_card":"summary_large_image","twitter_misc":{"Gesch\u00e4tzte Lesezeit":"1\u00a0Minute"},"schema":{"@context":"https:\/\/schema.org","@graph":[{"@type":"WebPage","@id":"https:\/\/ristorante.anticaabbazia.com\/regala-una-card\/","url":"https:\/\/ristorante.anticaabbazia.com\/regala-una-card\/","name":"Gutscheine schenken | Ristorante Antica Abbazia","isPartOf":{"@id":"https:\/\/ristorante.anticaabbazia.com\/#website"},"datePublished":"2022-11-09T16:23:50+00:00","dateModified":"2023-01-06T11:47:25+00:00","breadcrumb":{"@id":"https:\/\/ristorante.anticaabbazia.com\/regala-una-card\/#breadcrumb"},"inLanguage":"de","potentialAction":[{"@type":"ReadAction","target":["https:\/\/ristorante.anticaabbazia.com\/regala-una-card\/"]}]},{"@type":"BreadcrumbList","@id":"https:\/\/ristorante.anticaabbazia.com\/regala-una-card\/#breadcrumb","itemListElement":[{"@type":"ListItem","position":1,"name":"Home","item":"https:\/\/ristorante.anticaabbazia.com\/de\/"},{"@type":"ListItem","position":2,"name":"Gutscheine schenken"}]},{"@type":"WebSite","@id":"https:\/\/ristorante.anticaabbazia.com\/#website","url":"https:\/\/ristorante.anticaabbazia.com\/","name":"Ristorante Antica Abbazia - Borso del Grappa","description":"una storia d&#039;amore-la nostra","publisher":{"@id":"https:\/\/ristorante.anticaabbazia.com\/#organization"},"potentialAction":[{"@type":"SearchAction","target":{"@type":"EntryPoint","urlTemplate":"https:\/\/ristorante.anticaabbazia.com\/?s={search_term_string}"},"query-input":{"@type":"PropertyValueSpecification","valueRequired":true,"valueName":"search_term_string"}}],"inLanguage":"de"},{"@type":"Organization","@id":"https:\/\/ristorante.anticaabbazia.com\/#organization","name":"Ristorante Antica Abbazia Borso del Grappa","url":"https:\/\/ristorante.anticaabbazia.com\/","logo":{"@type":"ImageObject","inLanguage":"de","@id":"https:\/\/ristorante.anticaabbazia.com\/#\/schema\/logo\/image\/","url":"https:\/\/ristorante.anticaabbazia.com\/wp-content\/uploads\/2020\/05\/02_LOGO_R-e1589958779306.png","contentUrl":"https:\/\/ristorante.anticaabbazia.com\/wp-content\/uploads\/2020\/05\/02_LOGO_R-e1589958779306.png","width":103,"height":70,"caption":"Ristorante Antica Abbazia Borso del Grappa"},"image":{"@id":"https:\/\/ristorante.anticaabbazia.com\/#\/schema\/logo\/image\/"},"sameAs":["https:\/\/www.facebook.com\/ristoranteanticaabbazia\/","https:\/\/www.instagram.com\/anticaabbazia\/"]}]}},"_links":{"self":[{"href":"https:\/\/ristorante.anticaabbazia.com\/de\/wp-json\/wp\/v2\/pages\/2903"}],"collection":[{"href":"https:\/\/ristorante.anticaabbazia.com\/de\/wp-json\/wp\/v2\/pages"}],"about":[{"href":"https:\/\/ristorante.anticaabbazia.com\/de\/wp-json\/wp\/v2\/types\/page"}],"author":[{"embeddable":true,"href":"https:\/\/ristorante.anticaabbazia.com\/de\/wp-json\/wp\/v2\/users\/1"}],"replies":[{"embeddable":true,"href":"https:\/\/ristorante.anticaabbazia.com\/de\/wp-json\/wp\/v2\/comments?post=2903"}],"version-history":[{"count":1,"href":"https:\/\/ristorante.anticaabbazia.com\/de\/wp-json\/wp\/v2\/pages\/2903\/revisions"}],"predecessor-version":[{"id":2904,"href":"https:\/\/ristorante.anticaabbazia.com\/de\/wp-json\/wp\/v2\/pages\/2903\/revisions\/2904"}],"wp:attachment":[{"href":"https:\/\/ristorante.anticaabbazia.com\/de\/wp-json\/wp\/v2\/media?parent=2903"}],"curies":[{"name":"wp","href":"https:\/\/api.w.org\/{rel}","templated":true}]}}